{"id":1715,"date":"2024-08-28T19:35:21","date_gmt":"2024-08-28T23:35:21","guid":{"rendered":"https:\/\/nicolasgourde.ca\/conditions-generales-dutilisation\/"},"modified":"2024-08-28T19:40:33","modified_gmt":"2024-08-28T23:40:33","slug":"conditions-generales-dutilisation","status":"publish","type":"page","link":"https:\/\/nicolasgourde.ca\/fr\/conditions-generales-dutilisation\/","title":{"rendered":"Conditions g\u00e9n\u00e9rales d&rsquo;utilisation"},"content":{"rendered":"\n<div class=\"wp-block-getwid-section alignfull alignfull getwid-section-content-custom-width\"><div class=\"wp-block-getwid-section__wrapper getwid-padding-left-medium getwid-padding-right-medium\"><div class=\"wp-block-getwid-section__inner-wrapper\" style=\"max-width:740px\"><div class=\"wp-block-getwid-section__background-holder\"><div class=\"wp-block-getwid-section__background\"><\/div><div class=\"wp-block-getwid-section__foreground\"><\/div><\/div><div class=\"wp-block-getwid-section__content\"><div class=\"wp-block-getwid-section__inner-content\">\n<div class=\"wp-block-getwid-advanced-heading\" style=\"margin-bottom:60px;margin-top:10px\"><h2 class=\"wp-block-getwid-advanced-heading__content\" style=\"text-align:center\">Conditions g\u00e9n\u00e9rales d&rsquo;utilisation<\/h2><\/div>\n\n\n\n<p><strong>Exp\u00e9dition<\/strong><\/p>\n\n\n\n<p>Les commandes peuvent prendre de 5 \u00e0 15 jours ouvrables, voire plus selon les circonstances.\nSi vous pr\u00e9f\u00e9rez venir chercher votre commande, vous pouvez s\u00e9lectionner l&rsquo;option \u00ab\u00a0Enl\u00e8vement gratuit\u00a0\u00bb.\nToutefois, si vous r\u00e9sidez en dehors de la r\u00e9gion accept\u00e9e (Ottawa\/Gatineau), veuillez prendre contact avec nous pour organiser cette op\u00e9ration &#8211; les frais d&rsquo;exp\u00e9dition peuvent \u00eatre rembours\u00e9s en cons\u00e9quence.  <\/p>\n\n\n\n<p>Mon objectif est toujours d&rsquo;envoyer les commandes le plus rapidement possible.\nDe mani\u00e8re r\u00e9aliste, votre commande sera exp\u00e9di\u00e9e dans les 7 jours suivant votre achat ; cependant, occasionnellement, en raison de l&rsquo;\u00e9cole\/du travail, cela peut prendre quelques jours de plus pour les exp\u00e9dier.\nSoyez patient car je suis la seule \u00e0 g\u00e9rer cette entreprise.\nSi, pour quelque raison que ce soit, l&rsquo;envoi de votre commande est retard\u00e9, je vous contacterai.   <\/p>\n\n\n\n<p>Veuillez comprendre que lorsqu&rsquo;un article est exp\u00e9di\u00e9 \u00e0 l&rsquo;\u00e9tranger, il rel\u00e8ve de la comp\u00e9tence du service postal du pays destinataire.\nSi, pour une raison quelconque, un article venait \u00e0 dispara\u00eetre, veuillez me contacter d\u00e8s que possible afin que je puisse enqu\u00eater sur la situation.\nMalheureusement, il est toujours possible qu&rsquo;un article soit r\u00e9ellement perdu.\nDans ce cas, nous pouvons organiser un remboursement.\nEnfin, les droits de douane et d&rsquo;importation (s&rsquo;il y en a) doivent \u00eatre pay\u00e9s par le destinataire du colis.\nLe client doit \u00e9galement assumer l&rsquo;enti\u00e8re responsabilit\u00e9 de tout colis qui me serait retourn\u00e9 en raison de frais de douane impay\u00e9s.     <\/p>\n\n\n\n<p>Enfin, si vous indiquez des coordonn\u00e9es d&rsquo;exp\u00e9dition erron\u00e9es et que vous n&rsquo;informez personne avant que le colis n&rsquo;ait \u00e9t\u00e9 envoy\u00e9, vous \u00eates responsable de la perte du colis.\nBien entendu, j&rsquo;essaierai toujours de r\u00e9soudre la situation si le moment est opportun. <\/p>\n\n\n\n<p><strong>Retours et remboursements<\/strong><\/p>\n\n\n\n<p>Les retours ne sont accept\u00e9s que si j&rsquo;envoie accidentellement la mauvaise commande.\nDans ce cas, veuillez me contacter pour rectifier la commande.\nMalheureusement, si les pots ont \u00e9t\u00e9 utilis\u00e9s, je ne peux pas les rembourser.  <\/p>\n<\/div><\/div><\/div><\/div><\/div>\n","protected":false},"excerpt":{"rendered":"","protected":false},"author":1,"featured_media":0,"parent":0,"menu_order":0,"comment_status":"closed","ping_status":"closed","template":"","meta":{"advanced_seo_description":"","jetpack_seo_html_title":"","jetpack_seo_noindex":false,"footnotes":""},"class_list":["post-1715","page","type-page","status-publish","hentry"],"jetpack_likes_enabled":true,"jetpack_sharing_enabled":true,"_links":{"self":[{"href":"https:\/\/nicolasgourde.ca\/fr\/wp-json\/wp\/v2\/pages\/1715","targetHints":{"allow":["GET"]}}],"collection":[{"href":"https:\/\/nicolasgourde.ca\/fr\/wp-json\/wp\/v2\/pages"}],"about":[{"href":"https:\/\/nicolasgourde.ca\/fr\/wp-json\/wp\/v2\/types\/page"}],"author":[{"embeddable":true,"href":"https:\/\/nicolasgourde.ca\/fr\/wp-json\/wp\/v2\/users\/1"}],"replies":[{"embeddable":true,"href":"https:\/\/nicolasgourde.ca\/fr\/wp-json\/wp\/v2\/comments?post=1715"}],"version-history":[{"count":1,"href":"https:\/\/nicolasgourde.ca\/fr\/wp-json\/wp\/v2\/pages\/1715\/revisions"}],"predecessor-version":[{"id":1716,"href":"https:\/\/nicolasgourde.ca\/fr\/wp-json\/wp\/v2\/pages\/1715\/revisions\/1716"}],"wp:attachment":[{"href":"https:\/\/nicolasgourde.ca\/fr\/wp-json\/wp\/v2\/media?parent=1715"}],"curies":[{"name":"wp","href":"https:\/\/api.w.org\/{rel}","templated":true}]}}