{"id":1719,"date":"2023-11-15T21:26:15","date_gmt":"2023-11-16T02:26:15","guid":{"rendered":"https:\/\/nicolasgourde.ca\/politique-de-confidentialite\/"},"modified":"2024-08-28T19:44:10","modified_gmt":"2024-08-28T23:44:10","slug":"politique-de-confidentialite","status":"publish","type":"page","link":"https:\/\/nicolasgourde.ca\/fr\/politique-de-confidentialite\/","title":{"rendered":"Politique de confidentialit\u00e9"},"content":{"rendered":"\n<h2 class=\"wp-block-heading\">Qui sommes-nous ?<\/h2>\n\n<p>L&rsquo;adresse de notre site web est la suivante : https:\/\/nicolasgourde.ca.<\/p>\n\n<h2 class=\"wp-block-heading\"><strong>Collecte et utilisation des informations<\/strong><\/h2>\n\n<p>Afin d&rsquo;am\u00e9liorer votre exp\u00e9rience sur notre site web, nous pouvons vous demander certaines informations personnellement identifiables, telles que votre nom, votre num\u00e9ro de t\u00e9l\u00e9phone et votre adresse postale.\nCes informations sont utilis\u00e9es pour communiquer avec vous ou vous identifier.\nSoyez assur\u00e9 que nous n&rsquo;utiliserons vos informations que pour vous envoyer des bulletins d&rsquo;information ou pour traiter vos achats si vous effectuez une transaction sur notre site.  <\/p>\n\n<p>Notre site Internet recueille des donn\u00e9es personnelles \u00e0 des fins d&rsquo;analyse du site, notamment :<\/p>\n\n<ul class=\"wp-block-list\">\n<li>Informations sur votre navigateur, votre r\u00e9seau et votre appareil<\/li>\n\n\n\n<li>les pages web que vous avez visit\u00e9es avant d&rsquo;arriver sur notre site<\/li>\n\n\n\n<li>Votre adresse IP<\/li>\n<\/ul>\n\n<p>Nous recueillons \u00e9galement des donn\u00e9es sur vos interactions avec notre site, telles que :<\/p>\n\n<ul class=\"wp-block-list\">\n<li>Clics<\/li>\n\n\n\n<li>Liens internes<\/li>\n\n\n\n<li>Pages visit\u00e9es<\/li>\n\n\n\n<li>Activit\u00e9 de d\u00e9filement<\/li>\n\n\n\n<li>Recherches<\/li>\n\n\n\n<li>Horodatage<\/li>\n<\/ul>\n\n<p>Ces informations sont partag\u00e9es avec notre fournisseur d&rsquo;analyses, qui nous aide \u00e0 comprendre le trafic sur le site et l&rsquo;activit\u00e9 des utilisateurs.<\/p>\n\n<p>Lorsque vous effectuez un achat, nous recueillons des donn\u00e9es personnelles pour compl\u00e9ter votre commande.\nIl peut s&rsquo;agir de <\/p>\n\n<ul class=\"wp-block-list\">\n<li>Adresses de facturation et d&rsquo;exp\u00e9dition<\/li>\n\n\n\n<li>Adresse \u00e9lectronique<\/li>\n\n\n\n<li>Nom<\/li>\n\n\n\n<li>Num\u00e9ro de t\u00e9l\u00e9phone<\/li>\n<\/ul>\n\n<p>Ces informations sont partag\u00e9es avec Stripe, notre processeur de paiement, afin de traiter les transactions de mani\u00e8re s\u00fbre et efficace.<\/p>\n\n<p>Lors du paiement, notre site peut utiliser l&rsquo;API Google Places pour compl\u00e9ter automatiquement votre adresse de livraison et de facturation afin de faciliter le processus de paiement.<\/p>\n\n<p>Notre site web est h\u00e9berg\u00e9 sur WordPress.\nWordPress collecte des donn\u00e9es personnelles lorsque vous visitez notre site, telles que : <\/p>\n\n<ul class=\"wp-block-list\">\n<li>Informations sur votre navigateur, votre r\u00e9seau et votre appareil<\/li>\n\n\n\n<li>les pages web que vous avez visit\u00e9es avant d&rsquo;arriver sur notre site<\/li>\n\n\n\n<li>Votre adresse IP<\/li>\n<\/ul>\n\n<p>Ces donn\u00e9es sont utilis\u00e9es pour maintenir et am\u00e9liorer notre site et sont analys\u00e9es sous une forme non personnalis\u00e9e.<\/p>\n\n<h2 class=\"wp-block-heading\">Cookies<\/h2>\n\n<p>Si vous laissez un commentaire sur notre site, vous pouvez accepter que votre nom, votre adresse \u00e9lectronique et votre site web soient enregistr\u00e9s dans des cookies.\nCes cookies sont destin\u00e9s \u00e0 vous faciliter la t\u00e2che, de sorte que vous n&rsquo;ayez pas \u00e0 fournir \u00e0 nouveau vos coordonn\u00e9es lorsque vous laissez un autre commentaire.\nCes cookies ont une dur\u00e9e de vie d&rsquo;un an.  <\/p>\n\n<p>Si vous visitez notre page de connexion, nous installerons un cookie temporaire pour d\u00e9terminer si votre navigateur accepte les cookies.\nCe cookie ne contient aucune donn\u00e9e personnelle et est supprim\u00e9 lorsque vous fermez votre navigateur. <\/p>\n\n<p>Lorsque vous vous connectez, nous installons \u00e9galement plusieurs cookies pour enregistrer vos informations de connexion et vos choix d&rsquo;affichage \u00e0 l&rsquo;\u00e9cran.\nLes cookies de connexion ont une dur\u00e9e de vie de deux jours et les cookies d&rsquo;options d&rsquo;\u00e9cran ont une dur\u00e9e de vie d&rsquo;un an.\nSi vous s\u00e9lectionnez l&rsquo;option \u00ab\u00a0Se souvenir de moi\u00a0\u00bb, votre connexion sera conserv\u00e9e pendant deux semaines.\nSi vous vous d\u00e9connectez de votre compte, les cookies de connexion seront supprim\u00e9s.   <\/p>\n\n<p>Si vous modifiez ou publiez un article, un cookie suppl\u00e9mentaire sera enregistr\u00e9 dans votre navigateur.\nCe cookie ne contient aucune donn\u00e9e personnelle et indique simplement l&rsquo;identifiant de l&rsquo;article que vous venez de modifier.\nIl expire apr\u00e8s 1 jour.  <\/p>\n\n<h2 class=\"wp-block-heading\">Contenu int\u00e9gr\u00e9 d&rsquo;autres sites web<\/h2>\n\n<p>Les articles de ce site peuvent contenir du contenu int\u00e9gr\u00e9 (par exemple des vid\u00e9os, des images, des articles, etc.).\nLe contenu int\u00e9gr\u00e9 provenant d&rsquo;autres sites web se comporte exactement de la m\u00eame mani\u00e8re que si le visiteur avait visit\u00e9 l&rsquo;autre site web. <\/p>\n\n<p>Ces sites web peuvent collecter des donn\u00e9es vous concernant, utiliser des cookies, int\u00e9grer un suivi suppl\u00e9mentaire par des tiers et surveiller votre interaction avec ce contenu int\u00e9gr\u00e9, y compris votre interaction avec le contenu int\u00e9gr\u00e9 si vous avez un compte et que vous \u00eates connect\u00e9 \u00e0 ce site web.<\/p>\n\n<h2 class=\"wp-block-heading\">Dur\u00e9e de conservation de vos donn\u00e9es<\/h2>\n\n<p>Si vous laissez un commentaire, celui-ci et ses m\u00e9tadonn\u00e9es sont conserv\u00e9s ind\u00e9finiment.\nCela nous permet de reconna\u00eetre et d&rsquo;approuver automatiquement les commentaires de suivi au lieu de les conserver dans une file d&rsquo;attente de mod\u00e9ration. <\/p>\n\n<p>Pour les utilisateurs qui s&rsquo;inscrivent sur notre site web (le cas \u00e9ch\u00e9ant), nous stockons \u00e9galement les informations personnelles qu&rsquo;ils fournissent dans leur profil d&rsquo;utilisateur.\nTous les utilisateurs peuvent voir, modifier ou supprimer leurs informations personnelles \u00e0 tout moment (sauf qu&rsquo;ils ne peuvent pas changer leur nom d&rsquo;utilisateur).\nLes administrateurs du site web peuvent \u00e9galement consulter et modifier ces informations.  <\/p>\n\n<h2 class=\"wp-block-heading\">Quels sont vos droits sur vos donn\u00e9es ?<\/h2>\n\n<p>Si vous avez un compte sur ce site, ou si vous avez laiss\u00e9 des commentaires, vous pouvez demander \u00e0 recevoir un fichier export\u00e9 des donn\u00e9es personnelles que nous d\u00e9tenons \u00e0 votre sujet, y compris toutes les donn\u00e9es que vous nous avez fournies.\nVous pouvez \u00e9galement nous demander d&rsquo;effacer toutes les donn\u00e9es personnelles que nous d\u00e9tenons \u00e0 votre sujet.\nCela n&rsquo;inclut pas les donn\u00e9es que nous sommes oblig\u00e9s de conserver \u00e0 des fins administratives, juridiques ou de s\u00e9curit\u00e9.  <\/p>\n\n<h2 class=\"wp-block-heading\">O\u00f9 vos donn\u00e9es sont-elles envoy\u00e9es ?<\/h2>\n\n<p>Les commentaires des visiteurs peuvent \u00eatre v\u00e9rifi\u00e9s par un service automatis\u00e9 de d\u00e9tection des spams.<\/p>\n\n<p>Nous recueillons des informations sur vous lors du processus de paiement sur notre boutique.<\/p>\n\n<h2 class=\"wp-block-heading\">Ce que nous collectons et conservons<\/h2>\n\n<p>Pendant que vous visitez notre site, nous suivons :<\/p>\n\n<ul class=\"wp-block-list\">\n<li>Produits que vous avez consult\u00e9s : nous utilisons cette information pour, par exemple, vous montrer les produits que vous avez r\u00e9cemment consult\u00e9s.<\/li>\n\n\n\n<li>Localisation, adresse IP et type de navigateur : nous utilisons ces informations pour estimer les taxes et les frais d&rsquo;exp\u00e9dition, par exemple.<\/li>\n\n\n\n<li>Adresse de livraison : nous vous demanderons de saisir cette adresse afin de pouvoir, par exemple, estimer les frais d&rsquo;exp\u00e9dition avant que vous ne passiez commande, et vous envoyer la commande !<\/li>\n\n\n\n<li>Num\u00e9ro de t\u00e9l\u00e9phone : nous vous le demanderons car il est exig\u00e9 par Postes Canada pour les envois \u00e0 l&rsquo;ext\u00e9rieur du Canada.<\/li>\n<\/ul>\n\n<p>Nous utiliserons \u00e9galement des cookies pour suivre le contenu des paniers lorsque vous naviguez sur notre site.<\/p>\n\n<p>Lorsque vous effectuez un achat chez nous, nous vous demandons de fournir des informations telles que votre nom, votre adresse de facturation, votre adresse de livraison, votre adresse \u00e9lectronique, votre num\u00e9ro de t\u00e9l\u00e9phone, les d\u00e9tails de votre carte de cr\u00e9dit\/paiement et des informations facultatives sur votre compte, telles que votre nom d&rsquo;utilisateur et votre mot de passe.\nNous utiliserons ces informations \u00e0 des fins telles que : <\/p>\n\n<ul class=\"wp-block-list\">\n<li>vous envoyer des informations sur votre compte et votre commande<\/li>\n\n\n\n<li>r\u00e9pondre \u00e0 vos demandes, y compris les remboursements et les r\u00e9clamations<\/li>\n\n\n\n<li>Traiter les paiements et pr\u00e9venir la fraude<\/li>\n\n\n\n<li>Cr\u00e9ez votre compte pour notre magasin<\/li>\n\n\n\n<li>Respecter les obligations l\u00e9gales qui nous incombent, telles que le calcul des imp\u00f4ts.<\/li>\n\n\n\n<li>Am\u00e9liorer l&rsquo;offre de nos magasins<\/li>\n\n\n\n<li>vous envoyer des messages marketing, si vous choisissez de les recevoir<\/li>\n<\/ul>\n\n<p>Si vous cr\u00e9ez un compte, nous conserverons votre nom, votre adresse, votre adresse \u00e9lectronique et votre num\u00e9ro de t\u00e9l\u00e9phone, qui seront utilis\u00e9s pour remplir le formulaire de commande lors de commandes ult\u00e9rieures.<\/p>\n\n<p>En r\u00e8gle g\u00e9n\u00e9rale, nous conservons les informations vous concernant aussi longtemps que nous en avons besoin aux fins pour lesquelles nous les collectons et les utilisons, et nous ne sommes pas l\u00e9galement tenus de continuer \u00e0 les conserver.\nPar exemple, nous conservons les informations relatives aux commandes de l&rsquo;ann\u00e9e en cours \u00e0 des fins fiscales et comptables.\nIl s&rsquo;agit de votre nom, de votre adresse \u00e9lectronique et de vos adresses de facturation et de livraison.  <\/p>\n\n<p>Nous conserverons \u00e9galement les commentaires ou les \u00e9valuations, si vous d\u00e9cidez de les laisser.<\/p>\n\n<h2 class=\"wp-block-heading\">Qui, dans notre \u00e9quipe, a acc\u00e8s<\/h2>\n\n<p>Les membres de notre \u00e9quipe ont acc\u00e8s aux informations que vous nous fournissez.\nPar exemple, les administrateurs et les responsables de magasin peuvent y acc\u00e9der : <\/p>\n\n<ul class=\"wp-block-list\">\n<li>les informations relatives aux commandes, telles que les produits achet\u00e9s, la date d&rsquo;achat et le lieu d&rsquo;exp\u00e9dition, et<\/li>\n\n\n\n<li>Des informations sur les clients, telles que votre nom, votre adresse \u00e9lectronique et vos informations de facturation et d&rsquo;exp\u00e9dition.<\/li>\n<\/ul>\n\n<p>Les membres de notre \u00e9quipe ont acc\u00e8s \u00e0 ces informations afin d&rsquo;ex\u00e9cuter les commandes, de proc\u00e9der aux remboursements et de vous aider.<\/p>\n\n<h2 class=\"wp-block-heading\">Ce que nous partageons avec les autres<\/h2>\n\n<p>Nous partageons des informations avec des tiers qui nous aident \u00e0 vous fournir nos services de commande et de stockage, par exemple Stripe.<\/p>\n\n<h3 class=\"wp-block-heading\">Paiements<\/h3>\n\n<p>En utilisant cette extension, il se peut que vous stockiez des donn\u00e9es personnelles ou que vous les partagiez avec un service externe. <a href=\"https:\/\/woocommerce.com\/document\/privacy-payments\/#how-payment-providers-use-data\" target=\"_blank\" rel=\"noreferrer noopener\">En savoir plus sur ce fonctionnement, et notamment sur ce que vous pourriez vouloir inclure dans votre politique de protection de la vie priv\u00e9e<\/a>.<br\/><\/p>\n","protected":false},"excerpt":{"rendered":"<p>Qui sommes-nous ? L&rsquo;adresse de notre site web est la suivante : https:\/\/nicolasgourde.ca. Collecte et utilisation des informations Afin d&rsquo;am\u00e9liorer votre exp\u00e9rience sur notre site web, nous pouvons vous demander certaines informations personnellement identifiables, telles que votre nom, votre num\u00e9ro de t\u00e9l\u00e9phone et votre adresse postale. Ces informations sont utilis\u00e9es pour communiquer avec vous ou [&hellip;]<\/p>\n","protected":false},"author":1,"featured_media":0,"parent":0,"menu_order":0,"comment_status":"closed","ping_status":"closed","template":"","meta":{"advanced_seo_description":"","jetpack_seo_html_title":"","jetpack_seo_noindex":false,"footnotes":""},"class_list":["post-1719","page","type-page","status-publish","hentry"],"jetpack_likes_enabled":true,"jetpack_sharing_enabled":true,"_links":{"self":[{"href":"https:\/\/nicolasgourde.ca\/fr\/wp-json\/wp\/v2\/pages\/1719","targetHints":{"allow":["GET"]}}],"collection":[{"href":"https:\/\/nicolasgourde.ca\/fr\/wp-json\/wp\/v2\/pages"}],"about":[{"href":"https:\/\/nicolasgourde.ca\/fr\/wp-json\/wp\/v2\/types\/page"}],"author":[{"embeddable":true,"href":"https:\/\/nicolasgourde.ca\/fr\/wp-json\/wp\/v2\/users\/1"}],"replies":[{"embeddable":true,"href":"https:\/\/nicolasgourde.ca\/fr\/wp-json\/wp\/v2\/comments?post=1719"}],"version-history":[{"count":1,"href":"https:\/\/nicolasgourde.ca\/fr\/wp-json\/wp\/v2\/pages\/1719\/revisions"}],"predecessor-version":[{"id":1720,"href":"https:\/\/nicolasgourde.ca\/fr\/wp-json\/wp\/v2\/pages\/1719\/revisions\/1720"}],"wp:attachment":[{"href":"https:\/\/nicolasgourde.ca\/fr\/wp-json\/wp\/v2\/media?parent=1719"}],"curies":[{"name":"wp","href":"https:\/\/api.w.org\/{rel}","templated":true}]}}