{"id":636,"date":"2023-11-15T20:32:48","date_gmt":"2023-11-16T01:32:48","guid":{"rendered":"https:\/\/nicolasgourde.ca\/about-me\/"},"modified":"2025-11-23T16:20:32","modified_gmt":"2025-11-23T21:20:32","slug":"a-propos","status":"publish","type":"page","link":"https:\/\/nicolasgourde.ca\/fr\/a-propos\/","title":{"rendered":"\u00c0 propos"},"content":{"rendered":"\n<div class=\"wp-block-group alignfull has-base-background-color has-background has-global-padding is-layout-constrained wp-container-core-group-is-layout-669513ed wp-block-group-is-layout-constrained\" style=\"margin-top:0;margin-bottom:0;padding-top:var(--wp--preset--spacing--50);padding-right:var(--wp--preset--spacing--50);padding-bottom:var(--wp--preset--spacing--50);padding-left:var(--wp--preset--spacing--50)\">\n<div class=\"wp-block-columns alignwide is-layout-flex wp-container-core-columns-is-layout-1da03c2a wp-block-columns-is-layout-flex\">\n<div class=\"wp-block-column is-vertically-aligned-stretch is-layout-flow wp-block-column-is-layout-flow\" style=\"flex-basis:50%\">\n<p class=\"has-heading-font-family has-large-font-size\" style=\"line-height:1.2\">Salut !<\/p>\n\n\n\n<p class=\"has-heading-font-family has-large-font-size\" style=\"line-height:1.2\">Je m&rsquo;appelle Nicolas et je suis c\u00e9ramiste localis\u00e9 \u00e0 Gatineau, Qu\u00e9bec.<\/p>\n\n\n\n<p class=\"has-heading-font-family has-large-font-size\" style=\"line-height:1.2\">Au cours de l&rsquo;\u00e9t\u00e9 2021, ce qui a commenc\u00e9 comme une certaine \u00e9chappatoire \u00e0 mes \u00e9tudes a fini par \u00eatre le d\u00e9but d&rsquo;une nouvelle passion.<\/p>\n\n\n\n<p class=\"has-heading-font-family has-large-font-size\" style=\"line-height:1.2\">Ma pratique artistique peut \u00eatre d\u00e9critre comme \u00e9tant nomadique : chercheur dans l&rsquo;\u00e2me, je me d\u00e9place constamment vers de nouvelle directions, sans jamais m&rsquo;y installer, et toujours en (re)cherchant et en suivant de nouvelles id\u00e9es.<\/p>\n\n\n\n<div class=\"wp-block-buttons is-content-justification-left is-layout-flex wp-container-core-buttons-is-layout-fc4fd283 wp-block-buttons-is-layout-flex\">\n<div class=\"wp-block-button is-style-fill\"><a class=\"wp-block-button__link has-text-align-center wp-element-button\" href=\"https:\/\/www.instagram.com\/nicolasgourdeceramics\/\" target=\"_blank\" rel=\"noreferrer noopener\">Suivez-moi sur Instagram !<\/a><\/div>\n<\/div>\n<\/div>\n\n\n\n<div class=\"wp-block-column is-vertically-aligned-center is-layout-flow wp-block-column-is-layout-flow\" style=\"flex-basis:50%\">\n<figure class=\"wp-block-image size-large is-style-rounded is-style-rounded--1\"><img loading=\"lazy\" decoding=\"async\" width=\"1024\" height=\"1024\" src=\"https:\/\/nicolasgourde.ca\/wp-content\/uploads\/2023\/11\/NIC_CL_EDITS-24-1024x1024.jpg\" alt=\"\" class=\"wp-image-21\" style=\"aspect-ratio:3\/4;object-fit:cover\" srcset=\"https:\/\/nicolasgourde.ca\/wp-content\/uploads\/2023\/11\/NIC_CL_EDITS-24-1024x1024.jpg 1024w, https:\/\/nicolasgourde.ca\/wp-content\/uploads\/2023\/11\/NIC_CL_EDITS-24-300x300.jpg 300w, https:\/\/nicolasgourde.ca\/wp-content\/uploads\/2023\/11\/NIC_CL_EDITS-24-scaled-100x100.jpg 100w, https:\/\/nicolasgourde.ca\/wp-content\/uploads\/2023\/11\/NIC_CL_EDITS-24-scaled-600x600.jpg 600w, https:\/\/nicolasgourde.ca\/wp-content\/uploads\/2023\/11\/NIC_CL_EDITS-24-150x150.jpg 150w, https:\/\/nicolasgourde.ca\/wp-content\/uploads\/2023\/11\/NIC_CL_EDITS-24-768x768.jpg 768w, https:\/\/nicolasgourde.ca\/wp-content\/uploads\/2023\/11\/NIC_CL_EDITS-24-1536x1536.jpg 1536w, https:\/\/nicolasgourde.ca\/wp-content\/uploads\/2023\/11\/NIC_CL_EDITS-24-2048x2048.jpg 2048w\" sizes=\"auto, (max-width: 1024px) 100vw, 1024px\" \/><\/figure>\n\n\n\n<p class=\"has-text-align-center has-contrast-2-color has-text-color has-link-color has-heading-font-family has-small-font-size wp-elements-1ce157dd03dc8c97f37825ed78d3dc57\"><\/p>\n<\/div>\n<\/div>\n<\/div>\n\n\n\n<div class=\"wp-block-group alignfull has-base-color has-contrast-background-color has-text-color has-background has-link-color wp-elements-8c24a3495a11837575e32b0798c174bf has-global-padding is-layout-constrained wp-container-core-group-is-layout-669513ed wp-block-group-is-layout-constrained\" style=\"margin-top:0;margin-bottom:0;padding-top:var(--wp--preset--spacing--50);padding-right:var(--wp--preset--spacing--50);padding-bottom:var(--wp--preset--spacing--50);padding-left:var(--wp--preset--spacing--50)\">\n<div class=\"wp-block-columns alignwide is-layout-flex wp-container-core-columns-is-layout-1da03c2a wp-block-columns-is-layout-flex\">\n<div class=\"wp-block-column is-vertically-aligned-center is-layout-flow wp-block-column-is-layout-flow\" style=\"flex-basis:50%\">\n<figure class=\"wp-block-image size-large is-style-rounded is-style-rounded--2\"><img loading=\"lazy\" decoding=\"async\" width=\"768\" height=\"1024\" src=\"https:\/\/nicolasgourde.ca\/wp-content\/uploads\/2025\/11\/IMG_5667-768x1024.jpeg\" alt=\"\" class=\"wp-image-4580\" style=\"aspect-ratio:3\/4;object-fit:cover\" srcset=\"https:\/\/nicolasgourde.ca\/wp-content\/uploads\/2025\/11\/IMG_5667-768x1024.jpeg 768w, https:\/\/nicolasgourde.ca\/wp-content\/uploads\/2025\/11\/IMG_5667-225x300.jpeg 225w, https:\/\/nicolasgourde.ca\/wp-content\/uploads\/2025\/11\/IMG_5667-1152x1536.jpeg 1152w, https:\/\/nicolasgourde.ca\/wp-content\/uploads\/2025\/11\/IMG_5667-600x800.jpeg 600w, https:\/\/nicolasgourde.ca\/wp-content\/uploads\/2025\/11\/IMG_5667.jpeg 1536w\" sizes=\"auto, (max-width: 768px) 100vw, 768px\" \/><\/figure>\n\n\n\n<p class=\"has-text-align-center has-text-color has-link-color has-heading-font-family has-small-font-size wp-elements-96b7f8b8bd8e734ded10ca81bda77381\" style=\"color:#e9e9e9\"><\/p>\n<\/div>\n\n\n\n<div class=\"wp-block-column is-vertically-aligned-stretch is-layout-flow wp-block-column-is-layout-flow\" style=\"flex-basis:50%\">\n<p class=\"has-heading-font-family has-large-font-size\" style=\"line-height:1.2\">Au-del\u00e0 de la c\u00e9ramique, je suis pr\u00e9sentement \u00e9tudiant \u00e0 temps plein. <\/p>\n\n\n\n<p class=\"has-heading-font-family has-large-font-size\">Lors de mes \u00e9tudes \u00e0 la ma\u00eetrise, mon project visait \u00e0 \u00e9tudier la fa\u00e7on dont les programmes de formation \u00e0 l&rsquo;enseignement en \u00e9ducation physique participaient \u00e0 la reproduction (et parfois la transformation) de discours marqu\u00e9es par l&rsquo;h\u00e9t\u00e9ronormativit\u00e9, la queer-phobie et le sexisme.<\/p>\n\n\n\n<div class=\"wp-block-buttons is-content-justification-left is-layout-flex wp-container-core-buttons-is-layout-fc4fd283 wp-block-buttons-is-layout-flex\">\n<div class=\"wp-block-button is-style-fill\"><a class=\"wp-block-button__link has-contrast-color has-base-background-color has-text-color has-background has-link-color has-text-align-center wp-element-button\" href=\"https:\/\/journals.sfu.ca\/cje\/index.php\/cje-rce\/article\/view\/6329\" target=\"_blank\" rel=\"noreferrer noopener\">Premi\u00e8re Publication (Revue Canadienne de l&rsquo;\u00c9ducation)<\/a><\/div>\n<\/div>\n<\/div>\n<\/div>\n<\/div>\n\n\n\n<div class=\"wp-block-group alignfull has-base-background-color has-background has-global-padding is-layout-constrained wp-container-core-group-is-layout-669513ed wp-block-group-is-layout-constrained\" style=\"margin-top:0;margin-bottom:0;padding-top:var(--wp--preset--spacing--50);padding-right:var(--wp--preset--spacing--50);padding-bottom:var(--wp--preset--spacing--50);padding-left:var(--wp--preset--spacing--50)\">\n<div class=\"wp-block-columns alignwide is-layout-flex wp-container-core-columns-is-layout-1da03c2a wp-block-columns-is-layout-flex\">\n<div class=\"wp-block-column is-vertically-aligned-stretch is-layout-flow wp-block-column-is-layout-flow\" style=\"flex-basis:50%\">\n<p class=\"has-heading-font-family has-large-font-size\" style=\"line-height:1.2\">Mes recherches doctorales portent sur le processus de transmission des connaissances cl\u00e9s dans la danse du Break.<\/p>\n\n\n\n<p class=\"has-heading-font-family has-large-font-size\" style=\"line-height:1.2\"><\/p>\n\n\n\n<div class=\"wp-block-buttons is-content-justification-left is-layout-flex wp-container-core-buttons-is-layout-fc4fd283 wp-block-buttons-is-layout-flex\">\n<div class=\"wp-block-button is-style-fill\"><a class=\"wp-block-button__link has-text-align-center wp-element-button\" href=\"https:\/\/www.linkedin.com\/in\/nicolas-gourde\/\" target=\"_blank\" rel=\"noreferrer noopener\">Trouvez-moi sur LinkedIn<\/a><\/div>\n<\/div>\n<\/div>\n\n\n\n<div class=\"wp-block-column is-vertically-aligned-center is-layout-flow wp-block-column-is-layout-flow\" style=\"flex-basis:50%\">\n<figure class=\"wp-block-image size-large is-style-rounded is-style-rounded--3\"><img loading=\"lazy\" decoding=\"async\" width=\"1024\" height=\"1024\" src=\"https:\/\/nicolasgourde.ca\/wp-content\/uploads\/2025\/11\/IMG_4986-1024x1024.jpeg\" alt=\"\" class=\"wp-image-4582\" style=\"aspect-ratio:3\/2;object-fit:cover\" srcset=\"https:\/\/nicolasgourde.ca\/wp-content\/uploads\/2025\/11\/IMG_4986-1024x1024.jpeg 1024w, https:\/\/nicolasgourde.ca\/wp-content\/uploads\/2025\/11\/IMG_4986-300x300.jpeg 300w, https:\/\/nicolasgourde.ca\/wp-content\/uploads\/2025\/11\/IMG_4986-150x150.jpeg 150w, https:\/\/nicolasgourde.ca\/wp-content\/uploads\/2025\/11\/IMG_4986-768x768.jpeg 768w, https:\/\/nicolasgourde.ca\/wp-content\/uploads\/2025\/11\/IMG_4986-600x600.jpeg 600w, https:\/\/nicolasgourde.ca\/wp-content\/uploads\/2025\/11\/IMG_4986-100x100.jpeg 100w, https:\/\/nicolasgourde.ca\/wp-content\/uploads\/2025\/11\/IMG_4986.jpeg 1170w\" sizes=\"auto, (max-width: 1024px) 100vw, 1024px\" \/><\/figure>\n\n\n\n<p class=\"has-text-align-center has-contrast-2-color has-text-color has-link-color has-heading-font-family has-small-font-size wp-elements-1ce157dd03dc8c97f37825ed78d3dc57\"><\/p>\n<\/div>\n<\/div>\n<\/div>\n\n\n\n<div class=\"wp-block-group alignfull has-mobile-text-align-center has-base-color has-contrast-background-color has-text-color has-background is-layout-flow wp-block-group-is-layout-flow\" style=\"margin-top:0;margin-bottom:0;padding-top:var(--wp--preset--spacing--60);padding-right:var(--wp--preset--spacing--60);padding-bottom:var(--wp--preset--spacing--60);padding-left:var(--wp--preset--spacing--60)\">\n<div class=\"wp-block-group is-layout-flow wp-block-group-is-layout-flow\">\n<p class=\"has-text-align-center has-base-color has-text-color has-heading-font-family has-x-large-font-size\" style=\"line-height:1.2\"> <em>\u00ab <em>Quant au motif qui m\u2019a pouss\u00e9, il \u00e9tait fort simple [\u2026] c\u2019est la curiosit\u00e9 [\u2026] non pas celle qui cherche \u00e0 s\u2019assimiler ce qu\u2019il convient de conna\u00eetre, mais celle qui permet de se d\u00e9prendre de soi-m\u00eame.<\/em><\/em> <em>\u00bb<\/em><\/p>\n\n\n\n<div class=\"wp-block-group is-vertical is-content-justification-center is-nowrap is-layout-flex wp-container-core-group-is-layout-2dc08cea wp-block-group-is-layout-flex\">\n<p class=\"has-text-align-center\" style=\"margin-top:var(--wp--preset--spacing--10);margin-bottom:0\">Michel Foucault<\/p>\n\n\n\n<p class=\"has-text-align-center has-contrast-3-color has-text-color has-small-font-size\" style=\"font-style:normal;font-weight:300\">1997<\/p>\n<\/div>\n<\/div>\n<\/div>\n","protected":false},"excerpt":{"rendered":"<p>Salut ! Je m&rsquo;appelle Nicolas et je suis c\u00e9ramiste localis\u00e9 \u00e0 Gatineau, Qu\u00e9bec. Au cours de l&rsquo;\u00e9t\u00e9 2021, ce qui a commenc\u00e9 comme une certaine \u00e9chappatoire \u00e0 mes \u00e9tudes a fini par \u00eatre le d\u00e9but d&rsquo;une nouvelle passion. Ma pratique artistique peut \u00eatre d\u00e9critre comme \u00e9tant nomadique : chercheur dans l&rsquo;\u00e2me, je me d\u00e9place constamment [&hellip;]<\/p>\n","protected":false},"author":1,"featured_media":0,"parent":0,"menu_order":0,"comment_status":"closed","ping_status":"closed","template":"","meta":{"advanced_seo_description":"","jetpack_seo_html_title":"","jetpack_seo_noindex":false,"footnotes":""},"class_list":["post-636","page","type-page","status-publish","hentry"],"jetpack_likes_enabled":true,"jetpack_sharing_enabled":true,"_links":{"self":[{"href":"https:\/\/nicolasgourde.ca\/fr\/wp-json\/wp\/v2\/pages\/636","targetHints":{"allow":["GET"]}}],"collection":[{"href":"https:\/\/nicolasgourde.ca\/fr\/wp-json\/wp\/v2\/pages"}],"about":[{"href":"https:\/\/nicolasgourde.ca\/fr\/wp-json\/wp\/v2\/types\/page"}],"author":[{"embeddable":true,"href":"https:\/\/nicolasgourde.ca\/fr\/wp-json\/wp\/v2\/users\/1"}],"replies":[{"embeddable":true,"href":"https:\/\/nicolasgourde.ca\/fr\/wp-json\/wp\/v2\/comments?post=636"}],"version-history":[{"count":8,"href":"https:\/\/nicolasgourde.ca\/fr\/wp-json\/wp\/v2\/pages\/636\/revisions"}],"predecessor-version":[{"id":4586,"href":"https:\/\/nicolasgourde.ca\/fr\/wp-json\/wp\/v2\/pages\/636\/revisions\/4586"}],"wp:attachment":[{"href":"https:\/\/nicolasgourde.ca\/fr\/wp-json\/wp\/v2\/media?parent=636"}],"curies":[{"name":"wp","href":"https:\/\/api.w.org\/{rel}","templated":true}]}}